{"id":163,"date":"2016-08-21T13:44:16","date_gmt":"2016-08-21T13:44:16","guid":{"rendered":"http:\/\/glow-connection.de\/wp_gc\/?page_id=163"},"modified":"2025-01-26T12:11:28","modified_gmt":"2025-01-26T12:11:28","slug":"pressematerial","status":"publish","type":"page","link":"https:\/\/glow-connection.de\/wp_gc\/pressematerial\/","title":{"rendered":"Pressematerial"},"content":{"rendered":"<p>Die hier aufgef\u00fchrten Texte und Fotos stellen wir f\u00fcr Ihre Pressearbeit zur Verf\u00fcgung. Allesamt d\u00fcrfen bei journalistischer Erw\u00e4hnung der Glow-Connection unentgeltlich und ohne Nennung einer Quelle verwendet werden.<\/p>\n<p>Sollten Sie einen speziellen Text ben\u00f6tigen, so nehmen sie einfach <a href=\"http:\/\/glow-connection.de\/wp_gc\/kontakt\/\">Kontakt<\/a> zu uns auf.<\/p>\n<h2>Pressetext Feuershow<\/h2>\n<p><i>Glow-Connection aus Regensburg vereint Feuer, Tanz und Akrobatik zu einer einzigartigen Show. Mit Leidenschaft und K\u00f6nnen ziehen sie das Publikum in ihren Bann. Musik, Bewegungen und Feuer verschmelzen zu unvergesslichen Momenten. Lassen Sie den Funken auf Sie \u00fcberspringen und erleben Sie das Feuer in Ihnen!<\/i><\/p>\n<h2>Pressefotos Feuershow<\/h2>\n\n\t\t<style type=\"text\/css\">\n\t\t\t#gallery-1 {\n\t\t\t\tmargin: auto;\n\t\t\t}\n\t\t\t#gallery-1 .gallery-item {\n\t\t\t\tfloat: left;\n\t\t\t\tmargin-top: 10px;\n\t\t\t\ttext-align: center;\n\t\t\t\twidth: 33%;\n\t\t\t}\n\t\t\t#gallery-1 img {\n\t\t\t\tborder: 2px solid #cfcfcf;\n\t\t\t}\n\t\t\t#gallery-1 .gallery-caption {\n\t\t\t\tmargin-left: 0;\n\t\t\t}\n\t\t\t\/* see gallery_shortcode() in wp-includes\/media.php *\/\n\t\t<\/style>\n\t\t<div id='gallery-1' class='gallery galleryid-163 gallery-columns-3 gallery-size-thumbnail'><dl class='gallery-item'>\n\t\t\t<dt class='gallery-icon landscape'>\n\t\t\t\t<a href='https:\/\/glow-connection.de\/wp_gc\/wp-content\/uploads\/2016\/08\/presse-foto_1.jpg'><img loading=\"lazy\" decoding=\"async\" width=\"240\" height=\"160\" src=\"https:\/\/glow-connection.de\/wp_gc\/wp-content\/uploads\/2016\/08\/presse-foto_1-240x160.jpg\" class=\"attachment-thumbnail size-thumbnail\" alt=\"\" srcset=\"https:\/\/glow-connection.de\/wp_gc\/wp-content\/uploads\/2016\/08\/presse-foto_1-240x160.jpg 240w, https:\/\/glow-connection.de\/wp_gc\/wp-content\/uploads\/2016\/08\/presse-foto_1-795x533.jpg 795w, https:\/\/glow-connection.de\/wp_gc\/wp-content\/uploads\/2016\/08\/presse-foto_1-768x515.jpg 768w, https:\/\/glow-connection.de\/wp_gc\/wp-content\/uploads\/2016\/08\/presse-foto_1-760x510.jpg 760w, https:\/\/glow-connection.de\/wp_gc\/wp-content\/uploads\/2016\/08\/presse-foto_1.jpg 960w\" sizes=\"(max-width: 240px) 100vw, 240px\" \/><\/a>\n\t\t\t<\/dt><\/dl><dl class='gallery-item'>\n\t\t\t<dt class='gallery-icon landscape'>\n\t\t\t\t<a href='https:\/\/glow-connection.de\/wp_gc\/wp-content\/uploads\/2016\/08\/presse-foto_2.jpg'><img loading=\"lazy\" decoding=\"async\" width=\"240\" height=\"160\" src=\"https:\/\/glow-connection.de\/wp_gc\/wp-content\/uploads\/2016\/08\/presse-foto_2-240x160.jpg\" class=\"attachment-thumbnail size-thumbnail\" alt=\"\" srcset=\"https:\/\/glow-connection.de\/wp_gc\/wp-content\/uploads\/2016\/08\/presse-foto_2-240x160.jpg 240w, https:\/\/glow-connection.de\/wp_gc\/wp-content\/uploads\/2016\/08\/presse-foto_2.jpg 600w\" sizes=\"(max-width: 240px) 100vw, 240px\" \/><\/a>\n\t\t\t<\/dt><\/dl><dl class='gallery-item'>\n\t\t\t<dt class='gallery-icon landscape'>\n\t\t\t\t<a href='https:\/\/glow-connection.de\/wp_gc\/wp-content\/uploads\/2016\/08\/presse-foto_4.jpg'><img loading=\"lazy\" decoding=\"async\" width=\"240\" height=\"160\" src=\"https:\/\/glow-connection.de\/wp_gc\/wp-content\/uploads\/2016\/08\/presse-foto_4-240x160.jpg\" class=\"attachment-thumbnail size-thumbnail\" alt=\"\" srcset=\"https:\/\/glow-connection.de\/wp_gc\/wp-content\/uploads\/2016\/08\/presse-foto_4-240x160.jpg 240w, https:\/\/glow-connection.de\/wp_gc\/wp-content\/uploads\/2016\/08\/presse-foto_4.jpg 600w\" sizes=\"(max-width: 240px) 100vw, 240px\" \/><\/a>\n\t\t\t<\/dt><\/dl><br style=\"clear: both\" \/><dl class='gallery-item'>\n\t\t\t<dt class='gallery-icon landscape'>\n\t\t\t\t<a href='https:\/\/glow-connection.de\/wp_gc\/wp-content\/uploads\/2016\/08\/peter-2.jpg'><img loading=\"lazy\" decoding=\"async\" width=\"240\" height=\"160\" src=\"https:\/\/glow-connection.de\/wp_gc\/wp-content\/uploads\/2016\/08\/peter-2-240x160.jpg\" class=\"attachment-thumbnail size-thumbnail\" alt=\"\" srcset=\"https:\/\/glow-connection.de\/wp_gc\/wp-content\/uploads\/2016\/08\/peter-2-240x160.jpg 240w, https:\/\/glow-connection.de\/wp_gc\/wp-content\/uploads\/2016\/08\/peter-2-795x530.jpg 795w, https:\/\/glow-connection.de\/wp_gc\/wp-content\/uploads\/2016\/08\/peter-2-768x512.jpg 768w, https:\/\/glow-connection.de\/wp_gc\/wp-content\/uploads\/2016\/08\/peter-2.jpg 1920w, https:\/\/glow-connection.de\/wp_gc\/wp-content\/uploads\/2016\/08\/peter-2-760x507.jpg 760w, https:\/\/glow-connection.de\/wp_gc\/wp-content\/uploads\/2016\/08\/peter-2-1600x1067.jpg 1600w\" sizes=\"(max-width: 240px) 100vw, 240px\" \/><\/a>\n\t\t\t<\/dt><\/dl><dl class='gallery-item'>\n\t\t\t<dt class='gallery-icon landscape'>\n\t\t\t\t<a href='https:\/\/glow-connection.de\/wp_gc\/wp-content\/uploads\/2016\/08\/mona-3.jpg'><img loading=\"lazy\" decoding=\"async\" width=\"240\" height=\"160\" src=\"https:\/\/glow-connection.de\/wp_gc\/wp-content\/uploads\/2016\/08\/mona-3-240x160.jpg\" class=\"attachment-thumbnail size-thumbnail\" alt=\"\" srcset=\"https:\/\/glow-connection.de\/wp_gc\/wp-content\/uploads\/2016\/08\/mona-3-240x160.jpg 240w, https:\/\/glow-connection.de\/wp_gc\/wp-content\/uploads\/2016\/08\/mona-3-795x530.jpg 795w, https:\/\/glow-connection.de\/wp_gc\/wp-content\/uploads\/2016\/08\/mona-3-768x512.jpg 768w, https:\/\/glow-connection.de\/wp_gc\/wp-content\/uploads\/2016\/08\/mona-3.jpg 1920w, https:\/\/glow-connection.de\/wp_gc\/wp-content\/uploads\/2016\/08\/mona-3-760x507.jpg 760w, https:\/\/glow-connection.de\/wp_gc\/wp-content\/uploads\/2016\/08\/mona-3-1600x1067.jpg 1600w\" sizes=\"(max-width: 240px) 100vw, 240px\" \/><\/a>\n\t\t\t<\/dt><\/dl><dl class='gallery-item'>\n\t\t\t<dt class='gallery-icon landscape'>\n\t\t\t\t<a href='https:\/\/glow-connection.de\/wp_gc\/wp-content\/uploads\/2018\/11\/vlcsnap-error182.png'><img loading=\"lazy\" decoding=\"async\" width=\"240\" height=\"160\" src=\"https:\/\/glow-connection.de\/wp_gc\/wp-content\/uploads\/2018\/11\/vlcsnap-error182-240x160.png\" class=\"attachment-thumbnail size-thumbnail\" alt=\"\" \/><\/a>\n\t\t\t<\/dt><\/dl><br style=\"clear: both\" \/>\n\t\t<\/div>\n\n","protected":false},"excerpt":{"rendered":"<p>Die hier aufgef\u00fchrten Texte und Fotos stellen wir f\u00fcr Ihre Pressearbeit zur Verf\u00fcgung. Allesamt d\u00fcrfen bei journalistischer Erw\u00e4hnung der Glow-Connection unentgeltlich und ohne Nennung einer Quelle verwendet werden. Sollten Sie einen speziellen Text ben\u00f6tigen, so nehmen sie einfach Kontakt zu uns auf. Pressetext Feuershow Glow-Connection aus Regensburg vereint Feuer, Tanz und Akrobatik zu einer einzigartigen [&hellip;]<\/p>\n","protected":false},"author":1,"featured_media":0,"parent":0,"menu_order":0,"comment_status":"closed","ping_status":"closed","template":"","meta":{"footnotes":""},"class_list":["post-163","page","type-page","status-publish","hentry"],"yoast_head":"<!-- This site is optimized with the Yoast SEO plugin v23.4 - https:\/\/yoast.com\/wordpress\/plugins\/seo\/ -->\n<title>Pressematerial - Glow Connection<\/title>\n<meta name=\"robots\" content=\"index, follow, max-snippet:-1, max-image-preview:large, max-video-preview:-1\" \/>\n<link rel=\"canonical\" href=\"https:\/\/glow-connection.de\/wp_gc\/pressematerial\/\" \/>\n<meta property=\"og:locale\" content=\"de_DE\" \/>\n<meta property=\"og:type\" content=\"article\" \/>\n<meta property=\"og:title\" content=\"Pressematerial - Glow Connection\" \/>\n<meta property=\"og:description\" content=\"Die hier aufgef\u00fchrten Texte und Fotos stellen wir f\u00fcr Ihre Pressearbeit zur Verf\u00fcgung. Allesamt d\u00fcrfen bei journalistischer Erw\u00e4hnung der Glow-Connection unentgeltlich und ohne Nennung einer Quelle verwendet werden. Sollten Sie einen speziellen Text ben\u00f6tigen, so nehmen sie einfach Kontakt zu uns auf. Pressetext Feuershow Glow-Connection aus Regensburg vereint Feuer, Tanz und Akrobatik zu einer einzigartigen [&hellip;]\" \/>\n<meta property=\"og:url\" content=\"https:\/\/glow-connection.de\/wp_gc\/pressematerial\/\" \/>\n<meta property=\"og:site_name\" content=\"Glow Connection\" \/>\n<meta property=\"article:publisher\" content=\"https:\/\/www.facebook.com\/GlowConnectionGermany\" \/>\n<meta property=\"article:modified_time\" content=\"2025-01-26T12:11:28+00:00\" \/>\n<meta property=\"og:image\" content=\"https:\/\/glow-connection.de\/wp_gc\/wp-content\/uploads\/2016\/08\/presse-foto_1-240x160.jpg\" \/>\n<meta name=\"twitter:card\" content=\"summary_large_image\" \/>\n<meta name=\"twitter:label1\" content=\"Gesch\u00e4tzte Lesezeit\" \/>\n\t<meta name=\"twitter:data1\" content=\"1\u00a0Minute\" \/>\n<script type=\"application\/ld+json\" class=\"yoast-schema-graph\">{\"@context\":\"https:\/\/schema.org\",\"@graph\":[{\"@type\":\"WebPage\",\"@id\":\"https:\/\/glow-connection.de\/wp_gc\/pressematerial\/\",\"url\":\"https:\/\/glow-connection.de\/wp_gc\/pressematerial\/\",\"name\":\"Pressematerial - Glow Connection\",\"isPartOf\":{\"@id\":\"https:\/\/glow-connection.de\/wp_gc\/#website\"},\"datePublished\":\"2016-08-21T13:44:16+00:00\",\"dateModified\":\"2025-01-26T12:11:28+00:00\",\"breadcrumb\":{\"@id\":\"https:\/\/glow-connection.de\/wp_gc\/pressematerial\/#breadcrumb\"},\"inLanguage\":\"de\",\"potentialAction\":[{\"@type\":\"ReadAction\",\"target\":[\"https:\/\/glow-connection.de\/wp_gc\/pressematerial\/\"]}]},{\"@type\":\"BreadcrumbList\",\"@id\":\"https:\/\/glow-connection.de\/wp_gc\/pressematerial\/#breadcrumb\",\"itemListElement\":[{\"@type\":\"ListItem\",\"position\":1,\"name\":\"Startseite\",\"item\":\"https:\/\/glow-connection.de\/wp_gc\/\"},{\"@type\":\"ListItem\",\"position\":2,\"name\":\"Pressematerial\"}]},{\"@type\":\"WebSite\",\"@id\":\"https:\/\/glow-connection.de\/wp_gc\/#website\",\"url\":\"https:\/\/glow-connection.de\/wp_gc\/\",\"name\":\"Glow Connection\",\"description\":\"LICHT- und FEUERSHOWS\",\"potentialAction\":[{\"@type\":\"SearchAction\",\"target\":{\"@type\":\"EntryPoint\",\"urlTemplate\":\"https:\/\/glow-connection.de\/wp_gc\/?s={search_term_string}\"},\"query-input\":{\"@type\":\"PropertyValueSpecification\",\"valueRequired\":true,\"valueName\":\"search_term_string\"}}],\"inLanguage\":\"de\"}]}<\/script>\n<!-- \/ Yoast SEO plugin. -->","yoast_head_json":{"title":"Pressematerial - Glow Connection","robots":{"index":"index","follow":"follow","max-snippet":"max-snippet:-1","max-image-preview":"max-image-preview:large","max-video-preview":"max-video-preview:-1"},"canonical":"https:\/\/glow-connection.de\/wp_gc\/pressematerial\/","og_locale":"de_DE","og_type":"article","og_title":"Pressematerial - Glow Connection","og_description":"Die hier aufgef\u00fchrten Texte und Fotos stellen wir f\u00fcr Ihre Pressearbeit zur Verf\u00fcgung. Allesamt d\u00fcrfen bei journalistischer Erw\u00e4hnung der Glow-Connection unentgeltlich und ohne Nennung einer Quelle verwendet werden. Sollten Sie einen speziellen Text ben\u00f6tigen, so nehmen sie einfach Kontakt zu uns auf. Pressetext Feuershow Glow-Connection aus Regensburg vereint Feuer, Tanz und Akrobatik zu einer einzigartigen [&hellip;]","og_url":"https:\/\/glow-connection.de\/wp_gc\/pressematerial\/","og_site_name":"Glow Connection","article_publisher":"https:\/\/www.facebook.com\/GlowConnectionGermany","article_modified_time":"2025-01-26T12:11:28+00:00","og_image":[{"url":"https:\/\/glow-connection.de\/wp_gc\/wp-content\/uploads\/2016\/08\/presse-foto_1-240x160.jpg"}],"twitter_card":"summary_large_image","twitter_misc":{"Gesch\u00e4tzte Lesezeit":"1\u00a0Minute"},"schema":{"@context":"https:\/\/schema.org","@graph":[{"@type":"WebPage","@id":"https:\/\/glow-connection.de\/wp_gc\/pressematerial\/","url":"https:\/\/glow-connection.de\/wp_gc\/pressematerial\/","name":"Pressematerial - Glow Connection","isPartOf":{"@id":"https:\/\/glow-connection.de\/wp_gc\/#website"},"datePublished":"2016-08-21T13:44:16+00:00","dateModified":"2025-01-26T12:11:28+00:00","breadcrumb":{"@id":"https:\/\/glow-connection.de\/wp_gc\/pressematerial\/#breadcrumb"},"inLanguage":"de","potentialAction":[{"@type":"ReadAction","target":["https:\/\/glow-connection.de\/wp_gc\/pressematerial\/"]}]},{"@type":"BreadcrumbList","@id":"https:\/\/glow-connection.de\/wp_gc\/pressematerial\/#breadcrumb","itemListElement":[{"@type":"ListItem","position":1,"name":"Startseite","item":"https:\/\/glow-connection.de\/wp_gc\/"},{"@type":"ListItem","position":2,"name":"Pressematerial"}]},{"@type":"WebSite","@id":"https:\/\/glow-connection.de\/wp_gc\/#website","url":"https:\/\/glow-connection.de\/wp_gc\/","name":"Glow Connection","description":"LICHT- und FEUERSHOWS","potentialAction":[{"@type":"SearchAction","target":{"@type":"EntryPoint","urlTemplate":"https:\/\/glow-connection.de\/wp_gc\/?s={search_term_string}"},"query-input":{"@type":"PropertyValueSpecification","valueRequired":true,"valueName":"search_term_string"}}],"inLanguage":"de"}]}},"_links":{"self":[{"href":"https:\/\/glow-connection.de\/wp_gc\/wp-json\/wp\/v2\/pages\/163"}],"collection":[{"href":"https:\/\/glow-connection.de\/wp_gc\/wp-json\/wp\/v2\/pages"}],"about":[{"href":"https:\/\/glow-connection.de\/wp_gc\/wp-json\/wp\/v2\/types\/page"}],"author":[{"embeddable":true,"href":"https:\/\/glow-connection.de\/wp_gc\/wp-json\/wp\/v2\/users\/1"}],"replies":[{"embeddable":true,"href":"https:\/\/glow-connection.de\/wp_gc\/wp-json\/wp\/v2\/comments?post=163"}],"version-history":[{"count":18,"href":"https:\/\/glow-connection.de\/wp_gc\/wp-json\/wp\/v2\/pages\/163\/revisions"}],"predecessor-version":[{"id":937,"href":"https:\/\/glow-connection.de\/wp_gc\/wp-json\/wp\/v2\/pages\/163\/revisions\/937"}],"wp:attachment":[{"href":"https:\/\/glow-connection.de\/wp_gc\/wp-json\/wp\/v2\/media?parent=163"}],"curies":[{"name":"wp","href":"https:\/\/api.w.org\/{rel}","templated":true}]}}