{"id":121,"date":"2016-08-20T18:44:23","date_gmt":"2016-08-20T18:44:23","guid":{"rendered":"http:\/\/glow-connection.de\/wp_gc\/?page_id=121"},"modified":"2025-01-26T12:09:35","modified_gmt":"2025-01-26T12:09:35","slug":"impressum","status":"publish","type":"page","link":"https:\/\/glow-connection.de\/wp_gc\/impressum\/","title":{"rendered":"Impressum"},"content":{"rendered":"<header class=\"entry-header\">\n<h2 class=\"entry-title\">Angaben gem\u00e4\u00df 5 TMG:<\/h2>\n<\/header>\n<p>Mona Hitzenauer<br \/>\nGlashuettenstr. 12<br \/>\n93055 Regensburg<\/p>\n<h3>Vertreten durch:<\/h3>\n<p>Mona Hitzenauer<\/p>\n<header class=\"entry-header\">\n<h3 class=\"entry-title\">Inhaltlich verantwortlich:<\/h3>\n<\/header>\n<div class=\"entry-content\">Mona Hitzenauer<\/div>\n<h2>Kontakt:<\/h2>\n<p><strong>Tel: <\/strong><a href=\"tel:+4917620534594\">0160 \/ 980 154 17<\/a><br \/>\n<strong>Email:<\/strong><a href=\"mailto:kontakt@glow-connection.de\"> kontakt@glow-connection.de<\/a><br \/>\nHaftungsausschluss (Disclaimer)Quelle: <em><a href=\"https:\/\/www.e-recht24.de\">eRecht24<\/a><\/em><\/p>\n<p><strong>Haftung fuer Inhalte<\/strong><\/p>\n<p>Als Diensteanbieter sind wir gem\u00e4\u00df 7 Abs.1 TMG f\u00fcr eigene Inhalte auf diesen Seiten nach den allgemeinen Gesetzen verantwortlich. Nach \u00a7 8 bis 10 TMG sind wir als Diensteanbieter jedoch nicht verpflichtet, \u00fcbermittelte oder gespeicherte fremde Informationen zu \u00fcberwachen oder nach Umst\u00e4nden zu forschen, die auf eine rechtswidrige T\u00e4tigkeit hinweisen. Verpflichtungen zur Entfernung oder Sperrung der Nutzung von Informationen nach den allgemeinen Gesetzen bleiben hiervon unber\u00fchrt. Eine diesbez\u00fcgliche Haftung ist jedoch erst ab dem Zeitpunkt der Kenntnis einer konkreten Rechtsverletzung m\u00f6glich. Bei Bekanntwerden von entsprechenden Rechtsverletzungen werden wir diese Inhalte umgehend entfernen.<\/p>\n<p><strong>Haftung f\u00fcr Links<\/strong><\/p>\n<p>Unser Angebot enth\u00e4lt Links zu externen Webseiten Dritter, auf deren Inhalte wir keinen Einfluss haben. Deshalb k\u00f6nnen wir f\u00fcr diese fremden Inhalte auch keine Gew\u00e4hr \u00fcbernehmen. F\u00fcr die Inhalte der verlinkten Seiten ist stets der jeweilige Anbieter oder Betreiber der Seiten verantwortlich. Die verlinkten Seiten wurden zum Zeitpunkt der Verlinkung auf m\u00f6gliche Rechtsverst\u00f6\u00dfe \u00fcberpr\u00fcft. Rechtswidrige Inhalte waren zum Zeitpunkt der Verlinkung nicht erkennbar. Eine permanente inhaltliche Kontrolle der verlinkten Seiten ist jedoch ohne konkrete Anhaltspunkte einer Rechtsverletzung nicht zumutbar. Bei Bekanntwerden von Rechtsverletzungen werden wir derartige Links umgehend entfernen.<\/p>\n<p><strong>Urheberrecht<\/strong><\/p>\n<p>Die durch die Seitenbetreiber erstellten Inhalte und Werke auf diesen Seiten unterliegen dem deutschen Urheberrecht. Die Vervielf\u00e4ltigung, Bearbeitung, Verbreitung und jede Art der Verwertung au\u00dferhalb der Grenzen des Urheberrechtes bed\u00fcrfen der schriftlichen Zustimmung des jeweiligen Autors bzw. Erstellers. Downloads und Kopien dieser Seite sind nur f\u00fcr den privaten, nicht kommerziellen Gebrauch gestattet. Soweit die Inhalte auf dieser Seite nicht vom Betreiber erstellt wurden, werden die Urheberrechte Dritter beachtet. Insbesondere werden Inhalte Dritter als solche gekennzeichnet. Sollten Sie trotzdem auf eine Urheberrechtsverletzung aufmerksam werden, bitten wir um einen entsprechenden Hinweis. Bei Bekanntwerden von Rechtsverletzungen werden wir derartige Inhalte umgehend entfernen.<\/p>\n<p><strong>Datenschutz<\/strong><\/p>\n<p>Hier finden Sie eine ausf\u00fchrliche <a href=\"https:\/\/glow-connection.de\/wp_gc\/datenschutzerklarung\/\">Datenschutzerkl\u00e4rung<\/a> der Seitenbetreiber.<\/p>\n","protected":false},"excerpt":{"rendered":"<p>Angaben gem\u00e4\u00df 5 TMG: Mona Hitzenauer Glashuettenstr. 12 93055 Regensburg Vertreten durch: Mona Hitzenauer Inhaltlich verantwortlich: Mona Hitzenauer Kontakt: Tel: 0160 \/ 980 154 17 Email: kontakt@glow-connection.de Haftungsausschluss (Disclaimer)Quelle: eRecht24 Haftung fuer Inhalte Als Diensteanbieter sind wir gem\u00e4\u00df 7 Abs.1 TMG f\u00fcr eigene Inhalte auf diesen Seiten nach den allgemeinen Gesetzen verantwortlich. Nach \u00a7 8 [&hellip;]<\/p>\n","protected":false},"author":1,"featured_media":0,"parent":0,"menu_order":0,"comment_status":"closed","ping_status":"closed","template":"","meta":{"footnotes":""},"class_list":["post-121","page","type-page","status-publish","hentry"],"yoast_head":"<!-- This site is optimized with the Yoast SEO plugin v23.4 - https:\/\/yoast.com\/wordpress\/plugins\/seo\/ -->\n<title>Impressum - Glow Connection<\/title>\n<meta name=\"robots\" content=\"index, follow, max-snippet:-1, max-image-preview:large, max-video-preview:-1\" \/>\n<link rel=\"canonical\" href=\"https:\/\/glow-connection.de\/wp_gc\/impressum\/\" \/>\n<meta property=\"og:locale\" content=\"de_DE\" \/>\n<meta property=\"og:type\" content=\"article\" \/>\n<meta property=\"og:title\" content=\"Impressum - Glow Connection\" \/>\n<meta property=\"og:description\" content=\"Angaben gem\u00e4\u00df 5 TMG: Mona Hitzenauer Glashuettenstr. 12 93055 Regensburg Vertreten durch: Mona Hitzenauer Inhaltlich verantwortlich: Mona Hitzenauer Kontakt: Tel: 0160 \/ 980 154 17 Email: kontakt@glow-connection.de Haftungsausschluss (Disclaimer)Quelle: eRecht24 Haftung fuer Inhalte Als Diensteanbieter sind wir gem\u00e4\u00df 7 Abs.1 TMG f\u00fcr eigene Inhalte auf diesen Seiten nach den allgemeinen Gesetzen verantwortlich. Nach \u00a7 8 [&hellip;]\" \/>\n<meta property=\"og:url\" content=\"https:\/\/glow-connection.de\/wp_gc\/impressum\/\" \/>\n<meta property=\"og:site_name\" content=\"Glow Connection\" \/>\n<meta property=\"article:publisher\" content=\"https:\/\/www.facebook.com\/GlowConnectionGermany\" \/>\n<meta property=\"article:modified_time\" content=\"2025-01-26T12:09:35+00:00\" \/>\n<meta name=\"twitter:card\" content=\"summary_large_image\" \/>\n<meta name=\"twitter:label1\" content=\"Gesch\u00e4tzte Lesezeit\" \/>\n\t<meta name=\"twitter:data1\" content=\"2\u00a0Minuten\" \/>\n<script type=\"application\/ld+json\" class=\"yoast-schema-graph\">{\"@context\":\"https:\/\/schema.org\",\"@graph\":[{\"@type\":\"WebPage\",\"@id\":\"https:\/\/glow-connection.de\/wp_gc\/impressum\/\",\"url\":\"https:\/\/glow-connection.de\/wp_gc\/impressum\/\",\"name\":\"Impressum - Glow Connection\",\"isPartOf\":{\"@id\":\"https:\/\/glow-connection.de\/wp_gc\/#website\"},\"datePublished\":\"2016-08-20T18:44:23+00:00\",\"dateModified\":\"2025-01-26T12:09:35+00:00\",\"breadcrumb\":{\"@id\":\"https:\/\/glow-connection.de\/wp_gc\/impressum\/#breadcrumb\"},\"inLanguage\":\"de\",\"potentialAction\":[{\"@type\":\"ReadAction\",\"target\":[\"https:\/\/glow-connection.de\/wp_gc\/impressum\/\"]}]},{\"@type\":\"BreadcrumbList\",\"@id\":\"https:\/\/glow-connection.de\/wp_gc\/impressum\/#breadcrumb\",\"itemListElement\":[{\"@type\":\"ListItem\",\"position\":1,\"name\":\"Startseite\",\"item\":\"https:\/\/glow-connection.de\/wp_gc\/\"},{\"@type\":\"ListItem\",\"position\":2,\"name\":\"Impressum\"}]},{\"@type\":\"WebSite\",\"@id\":\"https:\/\/glow-connection.de\/wp_gc\/#website\",\"url\":\"https:\/\/glow-connection.de\/wp_gc\/\",\"name\":\"Glow Connection\",\"description\":\"LICHT- und FEUERSHOWS\",\"potentialAction\":[{\"@type\":\"SearchAction\",\"target\":{\"@type\":\"EntryPoint\",\"urlTemplate\":\"https:\/\/glow-connection.de\/wp_gc\/?s={search_term_string}\"},\"query-input\":{\"@type\":\"PropertyValueSpecification\",\"valueRequired\":true,\"valueName\":\"search_term_string\"}}],\"inLanguage\":\"de\"}]}<\/script>\n<!-- \/ Yoast SEO plugin. -->","yoast_head_json":{"title":"Impressum - Glow Connection","robots":{"index":"index","follow":"follow","max-snippet":"max-snippet:-1","max-image-preview":"max-image-preview:large","max-video-preview":"max-video-preview:-1"},"canonical":"https:\/\/glow-connection.de\/wp_gc\/impressum\/","og_locale":"de_DE","og_type":"article","og_title":"Impressum - Glow Connection","og_description":"Angaben gem\u00e4\u00df 5 TMG: Mona Hitzenauer Glashuettenstr. 12 93055 Regensburg Vertreten durch: Mona Hitzenauer Inhaltlich verantwortlich: Mona Hitzenauer Kontakt: Tel: 0160 \/ 980 154 17 Email: kontakt@glow-connection.de Haftungsausschluss (Disclaimer)Quelle: eRecht24 Haftung fuer Inhalte Als Diensteanbieter sind wir gem\u00e4\u00df 7 Abs.1 TMG f\u00fcr eigene Inhalte auf diesen Seiten nach den allgemeinen Gesetzen verantwortlich. Nach \u00a7 8 [&hellip;]","og_url":"https:\/\/glow-connection.de\/wp_gc\/impressum\/","og_site_name":"Glow Connection","article_publisher":"https:\/\/www.facebook.com\/GlowConnectionGermany","article_modified_time":"2025-01-26T12:09:35+00:00","twitter_card":"summary_large_image","twitter_misc":{"Gesch\u00e4tzte Lesezeit":"2\u00a0Minuten"},"schema":{"@context":"https:\/\/schema.org","@graph":[{"@type":"WebPage","@id":"https:\/\/glow-connection.de\/wp_gc\/impressum\/","url":"https:\/\/glow-connection.de\/wp_gc\/impressum\/","name":"Impressum - Glow Connection","isPartOf":{"@id":"https:\/\/glow-connection.de\/wp_gc\/#website"},"datePublished":"2016-08-20T18:44:23+00:00","dateModified":"2025-01-26T12:09:35+00:00","breadcrumb":{"@id":"https:\/\/glow-connection.de\/wp_gc\/impressum\/#breadcrumb"},"inLanguage":"de","potentialAction":[{"@type":"ReadAction","target":["https:\/\/glow-connection.de\/wp_gc\/impressum\/"]}]},{"@type":"BreadcrumbList","@id":"https:\/\/glow-connection.de\/wp_gc\/impressum\/#breadcrumb","itemListElement":[{"@type":"ListItem","position":1,"name":"Startseite","item":"https:\/\/glow-connection.de\/wp_gc\/"},{"@type":"ListItem","position":2,"name":"Impressum"}]},{"@type":"WebSite","@id":"https:\/\/glow-connection.de\/wp_gc\/#website","url":"https:\/\/glow-connection.de\/wp_gc\/","name":"Glow Connection","description":"LICHT- und FEUERSHOWS","potentialAction":[{"@type":"SearchAction","target":{"@type":"EntryPoint","urlTemplate":"https:\/\/glow-connection.de\/wp_gc\/?s={search_term_string}"},"query-input":{"@type":"PropertyValueSpecification","valueRequired":true,"valueName":"search_term_string"}}],"inLanguage":"de"}]}},"_links":{"self":[{"href":"https:\/\/glow-connection.de\/wp_gc\/wp-json\/wp\/v2\/pages\/121"}],"collection":[{"href":"https:\/\/glow-connection.de\/wp_gc\/wp-json\/wp\/v2\/pages"}],"about":[{"href":"https:\/\/glow-connection.de\/wp_gc\/wp-json\/wp\/v2\/types\/page"}],"author":[{"embeddable":true,"href":"https:\/\/glow-connection.de\/wp_gc\/wp-json\/wp\/v2\/users\/1"}],"replies":[{"embeddable":true,"href":"https:\/\/glow-connection.de\/wp_gc\/wp-json\/wp\/v2\/comments?post=121"}],"version-history":[{"count":17,"href":"https:\/\/glow-connection.de\/wp_gc\/wp-json\/wp\/v2\/pages\/121\/revisions"}],"predecessor-version":[{"id":935,"href":"https:\/\/glow-connection.de\/wp_gc\/wp-json\/wp\/v2\/pages\/121\/revisions\/935"}],"wp:attachment":[{"href":"https:\/\/glow-connection.de\/wp_gc\/wp-json\/wp\/v2\/media?parent=121"}],"curies":[{"name":"wp","href":"https:\/\/api.w.org\/{rel}","templated":true}]}}